{"id":588,"date":"2017-02-24T10:26:10","date_gmt":"2017-02-24T10:26:10","guid":{"rendered":"https:\/\/mustanggarage.be\/?page_id=588"},"modified":"2021-04-27T14:18:52","modified_gmt":"2021-04-27T14:18:52","slug":"legal","status":"publish","type":"page","link":"https:\/\/mustanggarage.be\/de\/legal\/","title":{"rendered":"Legal"},"content":{"rendered":"<p><div class=\"fusion-fullwidth fullwidth-box fusion-builder-row-2 fusion-flex-container hundred-percent-fullwidth non-hundred-percent-height-scrolling\" style=\"--awb-border-radius-top-left:0px;--awb-border-radius-top-right:0px;--awb-border-radius-bottom-right:0px;--awb-border-radius-bottom-left:0px;--awb-padding-top:35px;--awb-padding-right:35px;--awb-padding-bottom:35px;--awb-padding-left:35px;--awb-background-color:#ffffff;--awb-flex-wrap:wrap;\" id=\"fullside\" ><div class=\"fusion-builder-row fusion-row fusion-flex-align-items-stretch fusion-flex-content-wrap\" style=\"width:calc( 100% + 0px ) !important;max-width:calc( 100% + 0px ) !important;margin-left: calc(-0px \/ 2 );margin-right: calc(-0px \/ 2 );\"><div class=\"fusion-layout-column fusion_builder_column fusion-builder-column-1 fusion_builder_column_1_1 1_1 fusion-flex-column fusion-flex-align-self-flex-start fusion-column-no-min-height\" style=\"--awb-bg-size:cover;--awb-width-large:100%;--awb-margin-top-large:0px;--awb-spacing-right-large:0px;--awb-margin-bottom-large:20px;--awb-spacing-left-large:0px;--awb-width-medium:100%;--awb-spacing-right-medium:0px;--awb-spacing-left-medium:0px;--awb-width-small:100%;--awb-spacing-right-small:0px;--awb-spacing-left-small:0px;\"><div class=\"fusion-column-wrapper fusion-flex-justify-content-flex-start fusion-content-layout-column\"><div class=\"fusion-text fusion-text-6\"><h3>Anpassungen an folgenden Texten \/ Dokumenten:<\/h3>\n<p>Am 7. April 2020 wurden der Datenschutz- und Cookie-Richtlinie Textteile hinzugef\u00fcgt. Beispielsweise wurden beiden Tabellen Textteile hinzugef\u00fcgt, und weitere Informationen sind verf\u00fcgbar, wenn Sie Cookies deaktivieren m\u00f6chten. Lesen Sie das gesamte Dokument auf dieser Seite.<\/p>\n<p>Der Haftungsausschluss wurde am 7. April 2020 hinzugef\u00fcgt. Anstelle eines Links zu einer anderen Website ist dies jetzt ein separates Dokument. Der Haftungsausschluss kann auch auf dieser Seite gelesen werden.<\/p>\n<hr \/>\n<h1 class=\"p1\" style=\"text-align: center;\"><span class=\"s1\">Gesch\u00e4ftsbedingungen<\/span><\/h1>\n<ol class=\"ol1\">\n<li class=\"li2\"><span class=\"s2\">Nachstehende Gesch\u00e4ftsbedingungen sind anwendbar f\u00fcr alle Angebote, Auftrage, Lieferungen und Aktivit\u00e4ten. Ausnahme wird nur schriftlich vereinbart.<\/span><\/li>\n<li class=\"li2\"><span class=\"s2\">Unsere Rechnungen m\u00fcssen bezahlt wurden innerhalb dreizig Tagen nach dem Rechnungsdatum, wir akzeptieren Barzahlung in unseren Laden, Lagern oder Anzahlung auf unserem Bankkonto. Alle m\u00f6gliche Vollstreckungskosten sind f\u00fcr den K\u00e4ufer.<\/span><\/li>\n<li class=\"li2\"><span class=\"s2\">Der Lieferzeit ist nicht verbindlich und ist nur gesch\u00e4tzt, eine Versp\u00e4tung in der Lieferung bedeutet keine Beendigung des Vertrags, noch einiges Anrecht auf Schadenersatz.<\/span><\/li>\n<li class=\"li2\"><span class=\"s2\">Unsere verkaufte G\u00fcter werden betrachtet als abgeholt und angenommen in unseren Laden, Lagern, sie sind verw\u00f6hnt auf Risiko des K\u00e4ufers.<\/span><\/li>\n<li class=\"li2\"><span class=\"s2\">Reklamationen sollen uns angeschickt werden per Einschreibesendung innerhalb acht Tagen nach den Lieferung.<\/span><\/li>\n<li class=\"li2\"><span class=\"s2\">Der K\u00e4ufer bezahlt die Vorbereitungskosten wenn der Auftrag annulliert wird und der K\u00e4ufer kompensiert m\u00f6glichen Gewinnverlust.<\/span><\/li>\n<li class=\"li1\"><span class=\"s2\">Wenn Sie von Ihren Widerrufsrecht Gebrauch machen, wird das Produkt mit allen gelieferten Zubeh\u00f6re retourniert im Originalzustand und in der Originalverpackung. Und innerhalb 14 Tagen nach Empfang. Die Versandkosten f\u00fcr das zur\u00fccksenden sind f\u00fcr den Kunde. Es gibt keines Cashback auf diese Produkten, Sie k\u00f6nnen nur einen Gutschein empfangen.<\/span><\/li>\n<li class=\"li2\"><span class=\"s2\">Auftragsbest\u00e4tigung: Bemerkungen sollen gemeldet werden innerhalb 7 Tagen. Danach wird die Auftragsbest\u00e4tigung als verabschiedet durch den K\u00e4ufer betrachtet. Abweichungen und Versprechungen sind werden nur schriftlich vereinbart.<\/span><\/li>\n<li class=\"li2\"><span class=\"s2\">Der Kunde ist verantwortlich f\u00fcr die richtige Erw\u00e4hnung Ihre <\/span><span class=\"s3\">MwSt<\/span><span class=\"s2\">.<\/span> <span class=\"s2\">Auf Rechnungen vom dem Lieferant und auf andere Dokumenten im Umlauf, diese nach zu schauen <\/span><span class=\"s3\">und m\u00f6gliche Fehler und Irrtums mit zu teilen.<\/span><\/li>\n<li class=\"li3\"><span class=\"s2\">Nicht-Bezahlung innhalb des vereinbarten Termin gebt uns das Recht sofort die komplette Bezahlung von allen ausstehenden Rechnungen zu erfordern ohne unser Recht auf Schadenersatz zu beeintr\u00e4chtigen und gebt uns ein Vorrecht auf die gelieferte G\u00fcter. Ungeachtet dieses Vorrecht bleiben die G\u00fcter das Eigentum von BVBA GRANDA MOTORCARS, jedoch das Risiko des K\u00e4ufers bis integrale Bezahlung; BVBA GRANDA MOTORCARS hat das Recht ihre G\u00fcter jeden Augenblick zur\u00fcck zu fordern bis Datum der Bezahlung auf Kosten des K\u00e4ufers.<\/span><\/li>\n<li class=\"li3\"><span class=\"s2\">Alle Rechnungen, nicht bezahlt auf F\u00e4lligkeitsdatum wurden von Rechts wegen und ohne Aufforderung einen Zinsen von 10% aufbringen. Mit der Folge wird dieses Betrag erh\u00f6ht um 10% und mit einem Minimum von 37,18 Euro als Schadenersatz f\u00fcr die sp\u00e4te Ausf\u00fchrung der Bezahlungsverpflichtung.<\/span><\/li>\n<li class=\"li3\"><span class=\"s2\">Nur die Gerichte vom Bezirk Hasselt sind zust\u00e4ndig f\u00fcr Infragestellungen.<\/span><\/li>\n<li class=\"li3\"><span class=\"s2\">Abweichungen heutiger Gesch\u00e4ftsbedingungen sind nur g\u00fcltig wenn schriftlich vereinbart.<\/span><\/li>\n<li class=\"li3\"><span class=\"s2\">BVBA GRANDA MOTORCARS und der Kunde erkennen, dass auf die Datenverarbeitung, das fr\u00fcheres Datenschutzgesetz ersetzt wird durch die Datenschutzgrundverordnung\u00a0(DSGVO) vom 25. Mai 2018. Diese DSGVO ist anwendbar.<\/span><\/li>\n<li class=\"li3\"><span class=\"s2\">Nur die Gesch\u00e4ftsbedingungen in Niederl\u00e4ndisch sind rechtskr\u00e4ftig.<\/span><\/li>\n<\/ol>\n<\/div><div class=\"fusion-text fusion-text-7\"><h1 class=\"p1\" style=\"text-align: center;\"><span class=\"s1\"><b>Datenschutzerkl\u00e4rung und Cookie-Richtlinien<\/b><\/span><\/h1>\n<p style=\"text-align: center;\">Ist das folgende Dokument f\u00fcr Sie nicht lesbar? <a href=\"https:\/\/mustanggarage.be\/wp-content\/uploads\/2020\/04\/Duitse-Privacy-en-cookie-policy-Mustang-Garage.pdf\">Dann sehen Sie es hier.<\/a><\/p>\n<p><iframe src=\"https:\/\/mustanggarage.be\/wp-content\/uploads\/2020\/04\/Duitse-Privacy-en-cookie-policy-Mustang-Garage.pdf\" width=\"100%\" height=\"800\"><\/iframe><\/p>\n<\/div><div class=\"fusion-text fusion-text-8\"><h1 class=\"p1\" style=\"text-align: center;\"><span class=\"s1\"><b>Haftungsausschluss<br \/>\n<\/b><\/span><\/h1>\n<p style=\"text-align: center;\">Ist das folgende Dokument f\u00fcr Sie nicht lesbar? <a href=\"https:\/\/mustanggarage.be\/wp-content\/uploads\/2020\/04\/Disclaimer-Duits-Mustang-Garage.pdf\">Dann sehen Sie es hier.<\/a><\/p>\n<p><iframe src=\"https:\/\/mustanggarage.be\/wp-content\/uploads\/2020\/04\/Disclaimer-Duits-Mustang-Garage.pdf\" width=\"100%\" height=\"800\"><\/iframe><\/p>\n<\/div><\/div><\/div><\/div><\/div><\/p>","protected":false},"excerpt":{"rendered":"","protected":false},"author":1,"featured_media":0,"parent":0,"menu_order":0,"comment_status":"closed","ping_status":"closed","template":"","meta":{"footnotes":""},"class_list":["post-588","page","type-page","status-publish","hentry"],"yoast_head":"<!-- This site is optimized with the Yoast SEO Premium plugin v25.6 (Yoast SEO v27.3) - https:\/\/yoast.com\/product\/yoast-seo-premium-wordpress\/ -->\n<title>Legal - The Mustang Garage<\/title>\n<meta name=\"robots\" content=\"index, follow, max-snippet:-1, max-image-preview:large, max-video-preview:-1\" \/>\n<link rel=\"canonical\" href=\"https:\/\/mustanggarage.be\/de\/legal\/\" \/>\n<meta property=\"og:locale\" content=\"en_US\" \/>\n<meta property=\"og:type\" content=\"article\" \/>\n<meta property=\"og:title\" content=\"Legal\" \/>\n<meta property=\"og:url\" content=\"https:\/\/mustanggarage.be\/de\/legal\/\" \/>\n<meta property=\"og:site_name\" content=\"The Mustang Garage\" \/>\n<meta property=\"article:publisher\" content=\"https:\/\/www.facebook.com\/Mustang-Garage-201683869864960\/?fref=ts\" \/>\n<meta property=\"article:modified_time\" content=\"2021-04-27T14:18:52+00:00\" \/>\n<meta name=\"twitter:card\" content=\"summary_large_image\" \/>\n<meta name=\"twitter:label1\" content=\"Est. reading time\" \/>\n\t<meta name=\"twitter:data1\" content=\"17 minutes\" \/>\n<script type=\"application\/ld+json\" class=\"yoast-schema-graph\">{\"@context\":\"https:\\\/\\\/schema.org\",\"@graph\":[{\"@type\":\"WebPage\",\"@id\":\"https:\\\/\\\/mustanggarage.be\\\/de\\\/legal\\\/\",\"url\":\"https:\\\/\\\/mustanggarage.be\\\/de\\\/legal\\\/\",\"name\":\"Legal - The Mustang Garage\",\"isPartOf\":{\"@id\":\"https:\\\/\\\/mustanggarage.be\\\/de\\\/#website\"},\"datePublished\":\"2017-02-24T10:26:10+00:00\",\"dateModified\":\"2021-04-27T14:18:52+00:00\",\"breadcrumb\":{\"@id\":\"https:\\\/\\\/mustanggarage.be\\\/de\\\/legal\\\/#breadcrumb\"},\"inLanguage\":\"en-US\",\"potentialAction\":[{\"@type\":\"ReadAction\",\"target\":[[\"https:\\\/\\\/mustanggarage.be\\\/de\\\/legal\\\/\"]]}]},{\"@type\":\"BreadcrumbList\",\"@id\":\"https:\\\/\\\/mustanggarage.be\\\/de\\\/legal\\\/#breadcrumb\",\"itemListElement\":[{\"@type\":\"ListItem\",\"position\":1,\"name\":\"Home\",\"item\":\"https:\\\/\\\/mustanggarage.be\\\/de\\\/\"},{\"@type\":\"ListItem\",\"position\":2,\"name\":\"Legal\"}]},{\"@type\":\"WebSite\",\"@id\":\"https:\\\/\\\/mustanggarage.be\\\/de\\\/#website\",\"url\":\"https:\\\/\\\/mustanggarage.be\\\/de\\\/\",\"name\":\"The Mustang Garage\",\"description\":\"Cars &amp; Parts\",\"publisher\":{\"@id\":\"https:\\\/\\\/mustanggarage.be\\\/de\\\/#organization\"},\"potentialAction\":[{\"@type\":\"SearchAction\",\"target\":{\"@type\":\"EntryPoint\",\"urlTemplate\":\"https:\\\/\\\/mustanggarage.be\\\/de\\\/?s={search_term_string}\"},\"query-input\":{\"@type\":\"PropertyValueSpecification\",\"valueRequired\":true,\"valueName\":\"search_term_string\"}}],\"inLanguage\":\"en-US\"},{\"@type\":\"Organization\",\"@id\":\"https:\\\/\\\/mustanggarage.be\\\/de\\\/#organization\",\"name\":\"Mustanng Garage\",\"url\":\"https:\\\/\\\/mustanggarage.be\\\/de\\\/\",\"logo\":{\"@type\":\"ImageObject\",\"inLanguage\":\"en-US\",\"@id\":\"https:\\\/\\\/mustanggarage.be\\\/de\\\/#\\\/schema\\\/logo\\\/image\\\/\",\"url\":\"https:\\\/\\\/www.mustanggarage.be\\\/wp-content\\\/uploads\\\/2017\\\/12\\\/Mustang-Garage-text-logo-.png\",\"contentUrl\":\"https:\\\/\\\/www.mustanggarage.be\\\/wp-content\\\/uploads\\\/2017\\\/12\\\/Mustang-Garage-text-logo-.png\",\"width\":567,\"height\":567,\"caption\":\"Mustanng Garage\"},\"image\":{\"@id\":\"https:\\\/\\\/mustanggarage.be\\\/de\\\/#\\\/schema\\\/logo\\\/image\\\/\"},\"sameAs\":[\"https:\\\/\\\/www.facebook.com\\\/Mustang-Garage-201683869864960\\\/?fref=ts\",\"https:\\\/\\\/www.youtube.com\\\/channel\\\/UCXNV31DOCwSAMkQhieo2DGw\"]}]}<\/script>\n<!-- \/ Yoast SEO Premium plugin. -->","yoast_head_json":{"title":"Legal - The Mustang Garage","robots":{"index":"index","follow":"follow","max-snippet":"max-snippet:-1","max-image-preview":"max-image-preview:large","max-video-preview":"max-video-preview:-1"},"canonical":"https:\/\/mustanggarage.be\/de\/legal\/","og_locale":"en_US","og_type":"article","og_title":"Legal","og_url":"https:\/\/mustanggarage.be\/de\/legal\/","og_site_name":"The Mustang Garage","article_publisher":"https:\/\/www.facebook.com\/Mustang-Garage-201683869864960\/?fref=ts","article_modified_time":"2021-04-27T14:18:52+00:00","twitter_card":"summary_large_image","twitter_misc":{"Est. reading time":"17 minutes"},"schema":{"@context":"https:\/\/schema.org","@graph":[{"@type":"WebPage","@id":"https:\/\/mustanggarage.be\/de\/legal\/","url":"https:\/\/mustanggarage.be\/de\/legal\/","name":"Legal - The Mustang Garage","isPartOf":{"@id":"https:\/\/mustanggarage.be\/de\/#website"},"datePublished":"2017-02-24T10:26:10+00:00","dateModified":"2021-04-27T14:18:52+00:00","breadcrumb":{"@id":"https:\/\/mustanggarage.be\/de\/legal\/#breadcrumb"},"inLanguage":"en-US","potentialAction":[{"@type":"ReadAction","target":[["https:\/\/mustanggarage.be\/de\/legal\/"]]}]},{"@type":"BreadcrumbList","@id":"https:\/\/mustanggarage.be\/de\/legal\/#breadcrumb","itemListElement":[{"@type":"ListItem","position":1,"name":"Home","item":"https:\/\/mustanggarage.be\/de\/"},{"@type":"ListItem","position":2,"name":"Legal"}]},{"@type":"WebSite","@id":"https:\/\/mustanggarage.be\/de\/#website","url":"https:\/\/mustanggarage.be\/de\/","name":"The Mustang Garage","description":"Cars &amp; Parts","publisher":{"@id":"https:\/\/mustanggarage.be\/de\/#organization"},"potentialAction":[{"@type":"SearchAction","target":{"@type":"EntryPoint","urlTemplate":"https:\/\/mustanggarage.be\/de\/?s={search_term_string}"},"query-input":{"@type":"PropertyValueSpecification","valueRequired":true,"valueName":"search_term_string"}}],"inLanguage":"en-US"},{"@type":"Organization","@id":"https:\/\/mustanggarage.be\/de\/#organization","name":"Mustanng Garage","url":"https:\/\/mustanggarage.be\/de\/","logo":{"@type":"ImageObject","inLanguage":"en-US","@id":"https:\/\/mustanggarage.be\/de\/#\/schema\/logo\/image\/","url":"https:\/\/www.mustanggarage.be\/wp-content\/uploads\/2017\/12\/Mustang-Garage-text-logo-.png","contentUrl":"https:\/\/www.mustanggarage.be\/wp-content\/uploads\/2017\/12\/Mustang-Garage-text-logo-.png","width":567,"height":567,"caption":"Mustanng Garage"},"image":{"@id":"https:\/\/mustanggarage.be\/de\/#\/schema\/logo\/image\/"},"sameAs":["https:\/\/www.facebook.com\/Mustang-Garage-201683869864960\/?fref=ts","https:\/\/www.youtube.com\/channel\/UCXNV31DOCwSAMkQhieo2DGw"]}]}},"_links":{"self":[{"href":"https:\/\/mustanggarage.be\/de\/wp-json\/wp\/v2\/pages\/588","targetHints":{"allow":["GET"]}}],"collection":[{"href":"https:\/\/mustanggarage.be\/de\/wp-json\/wp\/v2\/pages"}],"about":[{"href":"https:\/\/mustanggarage.be\/de\/wp-json\/wp\/v2\/types\/page"}],"author":[{"embeddable":true,"href":"https:\/\/mustanggarage.be\/de\/wp-json\/wp\/v2\/users\/1"}],"replies":[{"embeddable":true,"href":"https:\/\/mustanggarage.be\/de\/wp-json\/wp\/v2\/comments?post=588"}],"version-history":[{"count":0,"href":"https:\/\/mustanggarage.be\/de\/wp-json\/wp\/v2\/pages\/588\/revisions"}],"wp:attachment":[{"href":"https:\/\/mustanggarage.be\/de\/wp-json\/wp\/v2\/media?parent=588"}],"curies":[{"name":"wp","href":"https:\/\/api.w.org\/{rel}","templated":true}]}}