{"id":588,"date":"2017-02-24T10:26:10","date_gmt":"2017-02-24T10:26:10","guid":{"rendered":"https:\/\/mustanggarage.be\/?page_id=588"},"modified":"2021-04-27T14:18:52","modified_gmt":"2021-04-27T14:18:52","slug":"legal","status":"publish","type":"page","link":"https:\/\/mustanggarage.be\/fr\/legal\/","title":{"rendered":"Legal"},"content":{"rendered":"<p><div class=\"fusion-fullwidth fullwidth-box fusion-builder-row-4 fusion-flex-container hundred-percent-fullwidth non-hundred-percent-height-scrolling\" style=\"--awb-border-radius-top-left:0px;--awb-border-radius-top-right:0px;--awb-border-radius-bottom-right:0px;--awb-border-radius-bottom-left:0px;--awb-padding-top:35px;--awb-padding-right:35px;--awb-padding-bottom:35px;--awb-padding-left:35px;--awb-background-color:#ffffff;--awb-flex-wrap:wrap;\" id=\"fullside\" ><div class=\"fusion-builder-row fusion-row fusion-flex-align-items-stretch fusion-flex-content-wrap\" style=\"width:calc( 100% + 0px ) !important;max-width:calc( 100% + 0px ) !important;margin-left: calc(-0px \/ 2 );margin-right: calc(-0px \/ 2 );\"><div class=\"fusion-layout-column fusion_builder_column fusion-builder-column-3 fusion_builder_column_1_1 1_1 fusion-flex-column fusion-flex-align-self-flex-start fusion-column-no-min-height\" style=\"--awb-bg-size:cover;--awb-width-large:100%;--awb-margin-top-large:0px;--awb-spacing-right-large:0px;--awb-margin-bottom-large:20px;--awb-spacing-left-large:0px;--awb-width-medium:100%;--awb-spacing-right-medium:0px;--awb-spacing-left-medium:0px;--awb-width-small:100%;--awb-spacing-right-small:0px;--awb-spacing-left-small:0px;\"><div class=\"fusion-column-wrapper fusion-flex-justify-content-flex-start fusion-content-layout-column\"><div class=\"fusion-text fusion-text-12\"><h3>Ajustements aux textes \/ documents suivants:<\/h3>\n<p>Le 28 avril 2020, des parties de texte ont \u00e9t\u00e9 ajout\u00e9es \u00e0 la politique de confidentialit\u00e9 et de cookies. Par exemple, des parties de texte ont \u00e9t\u00e9 ajout\u00e9es aux deux tableaux et plus d&#8217;informations ont \u00e9t\u00e9 fournies sur le moment o\u00f9 vous souhaitez vous d\u00e9sinscrire des cookies. Lisez l&#8217;int\u00e9gralit\u00e9 du document sur cette page.<\/p>\n<p>La clause de non-responsabilit\u00e9 a \u00e9t\u00e9 ajout\u00e9 le 7 avril 2020. Au lieu d&#8217;un lien vers un autre site Web, cela est devenu un document distinct. La clause de non-responsabilit\u00e9 peut \u00e9galement \u00eatre lu sur cette page.<\/p>\n<\/div><div class=\"fusion-text fusion-text-13\"><h1 class=\"p1\" style=\"text-align: center;\"><span class=\"s1\">Clause de non-responsabilite\u0301<\/span><\/h1>\n<p><a href=\"https:\/\/mustanggarage.be\/wp-content\/uploads\/2020\/04\/Disclaimer-Frans-Mustang-Garage.pdf\">Le document ne vous est-il pas lisible? Cliquez ensuite hier<\/a>.<br \/>\n<iframe src=\"https:\/\/mustanggarage.be\/wp-content\/uploads\/2020\/04\/Disclaimer-Frans-Mustang-Garage.pdf\" width=\"100%\" height=\"850\"><\/iframe><\/p>\n<\/div><div class=\"fusion-text fusion-text-14\"><h1 class=\"p1\" style=\"text-align: center;\"><span class=\"s1\">Conditions g\u00e9n\u00e9rales <\/span><\/h1>\n<ol class=\"ol1\">\n<li class=\"li1\"><span class=\"s1\">Applications: Les conditions reprises ci-dessous sont valables pour toutes les offres, commandes, livraisons et activit\u00e9s. Toute exception \u00e0 ces r\u00e8gles, doit \u00eatre confirm\u00e9e par \u00e9crit. Les conditions g\u00e9n\u00e9rales- dans le sens le plus large-d\u2019autres ne nous engagent pas sauf avec notre accord \u00e9crit.<\/span><\/li>\n<li class=\"li1\"><span class=\"s1\">Toutes nos factures sont payable que si\u00e8ge social de la soci\u00e9t\u00e9 \u00e0 Heusden-Zolder.<\/span><\/li>\n<li class=\"li1\"><span class=\"s1\">Offres, d\u00e9lais de livraison et autres: toutes nos offres sont engagement. Nous n&#8217;acceptons aucune responsabilit\u00e9 en cas de retard de livraison ou autres motifs. Toute indication de d\u00e9lai est donn\u00e9e \u00e0 titre<span class=\"Apple-converted-space\">\u00a0 <\/span>indicatif, m\u00eame si le d\u00e9lai n\u2019est pas express\u00e9ment mentionn\u00e9. Le d\u00e9lai indiqu\u00e9 est pris en consid\u00e9ration mais un retard ne d\u00e9charge pas l\u2019acheteur de son obligation. Il ne lui est donc pas possible de r\u00e9clamer un d\u00e9dommagement pour retort de livraison. Les r\u00e9clamation concernant les commandes ne sont prises en consid\u00e9ration que si elles on \u00e9t\u00e9 confirm\u00e9es par \u00e9crit. Les marchandises sont transport\u00e9es de l\u2019acheteur.<\/span><\/li>\n<li class=\"li1\"><span class=\"s1\">Confirmation de commandes: sans remarques ou observation formul\u00e9es dans les 7 jours, la confirmation de commande sera consid\u00e9r\u00e9e comme approuv\u00e9e par l\u2019acheteur. Les accords conventions et promesses en dehors de la confirmation de commande seront accept\u00e9s apr\u00e8s notre accord \u00e9crit.<\/span><\/li>\n<li class=\"li1\"><span class=\"s1\">Annulation de la commande: en cas d\u2019annulation de commande, l\u2019acheteur sera tenu \u00e0 payer le co\u00fbt et d\u00e9dommagement r\u00e9sultants de la pr\u00e9paration de la commande et de la perte de b\u00e9n\u00e9fice.<\/span><\/li>\n<li class=\"li1\"><span class=\"s1\">Etant impossible de contr\u00f4les les conditions d\u2019utilisation de ces marchandises, nous ne donnons aucune garantie expresse ou implicite sur les marchandises. En aucun cas, notre responsabilit\u00e9 ne pourra d\u00e9passer la valeur faisant l\u2019objet du litige.<\/span><\/li>\n<li class=\"li1\"><span class=\"s2\">Quand on utilise le droit de r\u00e9tractation, le produit et leurs accessoires fournis retourneront dans l\u2019\u00e9tat d\u2019origine et dans l\u2019emballage d\u2019origine. Et dans un d\u00e9lai de 14 jours apr\u00e8s de la r\u00e9ception. Frais de retourner sont pour le client. Dans les produits retourn\u00e9s ne s\u2019appliquent pas cashback. Vous pouvez seulement recevoir un bon de valeur.<\/span><\/li>\n<li class=\"li1\"><span class=\"s1\">Toute r\u00e9clamation ou remarque doit \u00eatre formul\u00e9e au moment<span class=\"Apple-converted-space\">\u00a0 <\/span>Les r\u00e9clamation doivent \u00eatre introduites par lettre recommand\u00e9 dans les nuits jours de la r\u00e9ception des marchandises.<\/span><\/li>\n<li class=\"li1\"><span class=\"s1\">Nous n\u2019acceptons par les conditions g\u00e9n\u00e9rales de vente qui figurent sur les factures, les bons de commande ou dans la correspondance de nos contractons \u00e0 moins qu\u2019elles ne soient express\u00e9ment et formellement approuv\u00e9es par \u00e9crit par nous. L\u2019acheteur est oblig\u00e9 de contr\u00f4les les donn\u00e9s de la T.V.A. et autres mentions dans nos factures, bons de commandes etc. Et nous remarquer imm\u00e9diatement toute erreur.<\/span><\/li>\n<li class=\"li1\"><span class=\"s1\">Les factures sont payables \u00e0 l\u2019\u00e9ch\u00e9ance c.\u00e0.d. trente jours apr\u00e8s livraison. Le paiement peur \u00eatre ex\u00e9cut\u00e9 comptant au si\u00e8ge social de la soci\u00e9t\u00e9 GRANDA MOTORCARS ou par versement bancaire indiqu\u00e9 dans nos factures. Tous les frais d\u2019encaissement sont \u00e0 charge de l\u2019acheteur.<\/span><\/li>\n<li class=\"li1\"><span class=\"s1\">En cas de non-paiement a1 l\u2019\u00e9ch\u00e9ance, l\u2019acheteur doit de plain droit et sans ;ise en demeure un int\u00e9r\u00eat moratoir de 10% sur le montant principal de la facture \u00e0 compter de la date de facturation ainsi qu\u2019une indemnit\u00e9 forfaitaire de 10% sur le montant de la facture, avec un minimum de 37,18 euros. En cas de paiement retardais nous avons le droit de demander l\u2019int\u00e9gralit\u00e9 des montants des livraisons faites, m\u00eame les factures qui ne sont pas encore \u00e9chues et sans pr\u00e9judice de notre droit de privil\u00e8ge sur les marchandises impay\u00e9es et le droit de dommages int\u00e9r\u00eats. Les marchandises restent la propri\u00e9t\u00e9 de la BVBA GRANDA MOTORCARS jusqu\u2019\u00e0 la date du paiement int\u00e9gral; la soci\u00e9t\u00e9 GRANDA MOTORCARS a le droit de r\u00e9cup\u00e9rer les marchandises \u00e0 chaque moment au frais de l\u2019acheteur jusqu\u2019\u00e0 la date du paiement.<\/span><\/li>\n<li class=\"li1\"><span class=\"s1\">Ce ne sont que les tribunaux d\u2019Hasselt qui sont comp\u00e9tents en cas de litiges.<\/span><\/li>\n<li class=\"li1\"><span class=\"s1\">BVBA GRANDA MOTORCARS et le client reconna\u00eet que le traitement des coordonn\u00e9es dans le cadre de <\/span><span class=\"s2\">la\u00a0<a href=\"https:\/\/fr.wikipedia.org\/wiki\/Directive_95\/46\/CE_sur_la_protection_des_donn%C3%A9es_personnelles\"><span class=\"s3\">directive sur la protection des donn\u00e9es personnelles<\/span><\/a>\u00a0adopt\u00e9e en 1995 (article 94 du r\u00e8glement)<\/span><span class=\"s1\"> et \u00e0 partir de 25 Mai le R\u00e8glement G\u00e9n\u00e9ral sur la Protection des Donn\u00e9es n<\/span><span class=\"s4\"><sup>o<\/sup><\/span><span class=\"s1\">\u00a02016\/679 (EU) s\u2019est appliqu\u00e9 et remplace la l\u00e9gislation sur la protection de la vie priv\u00e9e. Vous trouvez plus d\u2019informations dans notre Privacy Policy<\/span><\/li>\n<li class=\"li1\"><span class=\"s1\">Seulement notre conditions generales en n\u00e9erlandais est valable.<\/span><\/li>\n<\/ol>\n<\/div><div class=\"fusion-text fusion-text-15\"><h1 class=\"p1\" style=\"text-align: center;\"><span class=\"s1\"><b>Politique de confidentialit\u00e9 et Utilisation des cookies<\/b><\/span><\/h1>\n<p>Ce document n&#8217;est-il pas lisible pour vous? <a href=\"https:\/\/mustanggarage.be\/wp-content\/uploads\/2020\/04\/Privacy-en-cookie-policy-mustang-garage-frans.pdf\">Cliquez ici.<\/a><\/p>\n<p><iframe src=\"https:\/\/mustanggarage.be\/wp-content\/uploads\/2020\/04\/Privacy-en-cookie-policy-mustang-garage-frans.pdf\" width=\"100%\" height=\"800\"><\/iframe><\/p>\n<\/div><\/div><\/div><\/div><\/div><\/p>","protected":false},"excerpt":{"rendered":"","protected":false},"author":1,"featured_media":0,"parent":0,"menu_order":0,"comment_status":"closed","ping_status":"closed","template":"","meta":{"footnotes":""},"class_list":["post-588","page","type-page","status-publish","hentry"],"yoast_head":"<!-- This site is optimized with the Yoast SEO Premium plugin v25.6 (Yoast SEO v27.3) - https:\/\/yoast.com\/product\/yoast-seo-premium-wordpress\/ -->\n<title>Legal - The Mustang Garage<\/title>\n<meta name=\"robots\" content=\"index, follow, max-snippet:-1, max-image-preview:large, max-video-preview:-1\" \/>\n<link rel=\"canonical\" href=\"https:\/\/mustanggarage.be\/fr\/legal\/\" \/>\n<meta property=\"og:locale\" content=\"en_US\" \/>\n<meta property=\"og:type\" content=\"article\" \/>\n<meta property=\"og:title\" content=\"Legal\" \/>\n<meta property=\"og:url\" content=\"https:\/\/mustanggarage.be\/fr\/legal\/\" \/>\n<meta property=\"og:site_name\" content=\"The Mustang Garage\" \/>\n<meta property=\"article:publisher\" content=\"https:\/\/www.facebook.com\/Mustang-Garage-201683869864960\/?fref=ts\" \/>\n<meta property=\"article:modified_time\" content=\"2021-04-27T14:18:52+00:00\" \/>\n<meta name=\"twitter:card\" content=\"summary_large_image\" \/>\n<meta name=\"twitter:label1\" content=\"Est. reading time\" \/>\n\t<meta name=\"twitter:data1\" content=\"17 minutes\" \/>\n<script type=\"application\/ld+json\" class=\"yoast-schema-graph\">{\"@context\":\"https:\\\/\\\/schema.org\",\"@graph\":[{\"@type\":\"WebPage\",\"@id\":\"https:\\\/\\\/mustanggarage.be\\\/fr\\\/legal\\\/\",\"url\":\"https:\\\/\\\/mustanggarage.be\\\/fr\\\/legal\\\/\",\"name\":\"Legal - The Mustang Garage\",\"isPartOf\":{\"@id\":\"https:\\\/\\\/mustanggarage.be\\\/fr\\\/#website\"},\"datePublished\":\"2017-02-24T10:26:10+00:00\",\"dateModified\":\"2021-04-27T14:18:52+00:00\",\"breadcrumb\":{\"@id\":\"https:\\\/\\\/mustanggarage.be\\\/fr\\\/legal\\\/#breadcrumb\"},\"inLanguage\":\"en-US\",\"potentialAction\":[{\"@type\":\"ReadAction\",\"target\":[[\"https:\\\/\\\/mustanggarage.be\\\/fr\\\/legal\\\/\"]]}]},{\"@type\":\"BreadcrumbList\",\"@id\":\"https:\\\/\\\/mustanggarage.be\\\/fr\\\/legal\\\/#breadcrumb\",\"itemListElement\":[{\"@type\":\"ListItem\",\"position\":1,\"name\":\"Home\",\"item\":\"https:\\\/\\\/mustanggarage.be\\\/fr\\\/\"},{\"@type\":\"ListItem\",\"position\":2,\"name\":\"Legal\"}]},{\"@type\":\"WebSite\",\"@id\":\"https:\\\/\\\/mustanggarage.be\\\/fr\\\/#website\",\"url\":\"https:\\\/\\\/mustanggarage.be\\\/fr\\\/\",\"name\":\"The Mustang Garage\",\"description\":\"Cars &amp; Parts\",\"publisher\":{\"@id\":\"https:\\\/\\\/mustanggarage.be\\\/fr\\\/#organization\"},\"potentialAction\":[{\"@type\":\"SearchAction\",\"target\":{\"@type\":\"EntryPoint\",\"urlTemplate\":\"https:\\\/\\\/mustanggarage.be\\\/fr\\\/?s={search_term_string}\"},\"query-input\":{\"@type\":\"PropertyValueSpecification\",\"valueRequired\":true,\"valueName\":\"search_term_string\"}}],\"inLanguage\":\"en-US\"},{\"@type\":\"Organization\",\"@id\":\"https:\\\/\\\/mustanggarage.be\\\/fr\\\/#organization\",\"name\":\"Mustanng Garage\",\"url\":\"https:\\\/\\\/mustanggarage.be\\\/fr\\\/\",\"logo\":{\"@type\":\"ImageObject\",\"inLanguage\":\"en-US\",\"@id\":\"https:\\\/\\\/mustanggarage.be\\\/fr\\\/#\\\/schema\\\/logo\\\/image\\\/\",\"url\":\"https:\\\/\\\/www.mustanggarage.be\\\/wp-content\\\/uploads\\\/2017\\\/12\\\/Mustang-Garage-text-logo-.png\",\"contentUrl\":\"https:\\\/\\\/www.mustanggarage.be\\\/wp-content\\\/uploads\\\/2017\\\/12\\\/Mustang-Garage-text-logo-.png\",\"width\":567,\"height\":567,\"caption\":\"Mustanng Garage\"},\"image\":{\"@id\":\"https:\\\/\\\/mustanggarage.be\\\/fr\\\/#\\\/schema\\\/logo\\\/image\\\/\"},\"sameAs\":[\"https:\\\/\\\/www.facebook.com\\\/Mustang-Garage-201683869864960\\\/?fref=ts\",\"https:\\\/\\\/www.youtube.com\\\/channel\\\/UCXNV31DOCwSAMkQhieo2DGw\"]}]}<\/script>\n<!-- \/ Yoast SEO Premium plugin. -->","yoast_head_json":{"title":"Legal - The Mustang Garage","robots":{"index":"index","follow":"follow","max-snippet":"max-snippet:-1","max-image-preview":"max-image-preview:large","max-video-preview":"max-video-preview:-1"},"canonical":"https:\/\/mustanggarage.be\/fr\/legal\/","og_locale":"en_US","og_type":"article","og_title":"Legal","og_url":"https:\/\/mustanggarage.be\/fr\/legal\/","og_site_name":"The Mustang Garage","article_publisher":"https:\/\/www.facebook.com\/Mustang-Garage-201683869864960\/?fref=ts","article_modified_time":"2021-04-27T14:18:52+00:00","twitter_card":"summary_large_image","twitter_misc":{"Est. reading time":"17 minutes"},"schema":{"@context":"https:\/\/schema.org","@graph":[{"@type":"WebPage","@id":"https:\/\/mustanggarage.be\/fr\/legal\/","url":"https:\/\/mustanggarage.be\/fr\/legal\/","name":"Legal - The Mustang Garage","isPartOf":{"@id":"https:\/\/mustanggarage.be\/fr\/#website"},"datePublished":"2017-02-24T10:26:10+00:00","dateModified":"2021-04-27T14:18:52+00:00","breadcrumb":{"@id":"https:\/\/mustanggarage.be\/fr\/legal\/#breadcrumb"},"inLanguage":"en-US","potentialAction":[{"@type":"ReadAction","target":[["https:\/\/mustanggarage.be\/fr\/legal\/"]]}]},{"@type":"BreadcrumbList","@id":"https:\/\/mustanggarage.be\/fr\/legal\/#breadcrumb","itemListElement":[{"@type":"ListItem","position":1,"name":"Home","item":"https:\/\/mustanggarage.be\/fr\/"},{"@type":"ListItem","position":2,"name":"Legal"}]},{"@type":"WebSite","@id":"https:\/\/mustanggarage.be\/fr\/#website","url":"https:\/\/mustanggarage.be\/fr\/","name":"The Mustang Garage","description":"Cars &amp; Parts","publisher":{"@id":"https:\/\/mustanggarage.be\/fr\/#organization"},"potentialAction":[{"@type":"SearchAction","target":{"@type":"EntryPoint","urlTemplate":"https:\/\/mustanggarage.be\/fr\/?s={search_term_string}"},"query-input":{"@type":"PropertyValueSpecification","valueRequired":true,"valueName":"search_term_string"}}],"inLanguage":"en-US"},{"@type":"Organization","@id":"https:\/\/mustanggarage.be\/fr\/#organization","name":"Mustanng Garage","url":"https:\/\/mustanggarage.be\/fr\/","logo":{"@type":"ImageObject","inLanguage":"en-US","@id":"https:\/\/mustanggarage.be\/fr\/#\/schema\/logo\/image\/","url":"https:\/\/www.mustanggarage.be\/wp-content\/uploads\/2017\/12\/Mustang-Garage-text-logo-.png","contentUrl":"https:\/\/www.mustanggarage.be\/wp-content\/uploads\/2017\/12\/Mustang-Garage-text-logo-.png","width":567,"height":567,"caption":"Mustanng Garage"},"image":{"@id":"https:\/\/mustanggarage.be\/fr\/#\/schema\/logo\/image\/"},"sameAs":["https:\/\/www.facebook.com\/Mustang-Garage-201683869864960\/?fref=ts","https:\/\/www.youtube.com\/channel\/UCXNV31DOCwSAMkQhieo2DGw"]}]}},"_links":{"self":[{"href":"https:\/\/mustanggarage.be\/fr\/wp-json\/wp\/v2\/pages\/588","targetHints":{"allow":["GET"]}}],"collection":[{"href":"https:\/\/mustanggarage.be\/fr\/wp-json\/wp\/v2\/pages"}],"about":[{"href":"https:\/\/mustanggarage.be\/fr\/wp-json\/wp\/v2\/types\/page"}],"author":[{"embeddable":true,"href":"https:\/\/mustanggarage.be\/fr\/wp-json\/wp\/v2\/users\/1"}],"replies":[{"embeddable":true,"href":"https:\/\/mustanggarage.be\/fr\/wp-json\/wp\/v2\/comments?post=588"}],"version-history":[{"count":0,"href":"https:\/\/mustanggarage.be\/fr\/wp-json\/wp\/v2\/pages\/588\/revisions"}],"wp:attachment":[{"href":"https:\/\/mustanggarage.be\/fr\/wp-json\/wp\/v2\/media?parent=588"}],"curies":[{"name":"wp","href":"https:\/\/api.w.org\/{rel}","templated":true}]}}